{"id":6425,"date":"2023-12-08T11:06:52","date_gmt":"2023-12-08T10:06:52","guid":{"rendered":"https:\/\/saintvincent2024.fr\/?page_id=6425"},"modified":"2023-12-14T21:59:12","modified_gmt":"2023-12-14T20:59:12","slug":"pmr-contact","status":"publish","type":"page","link":"https:\/\/saintvincent2024.fr\/en\/pmr-contact\/","title":{"rendered":"pmr contact"},"content":{"rendered":"\t\t<div data-elementor-type=\"wp-page\" data-elementor-id=\"6425\" class=\"elementor elementor-6425\">\n\t\t\t\t\t\t<section class=\"elementor-section elementor-top-section elementor-element elementor-element-747f4a3 elementor-section-boxed elementor-section-height-default elementor-section-height-default wpr-particle-no wpr-jarallax-no wpr-parallax-no wpr-sticky-section-no wpr-equal-height-no\" data-id=\"747f4a3\" data-element_type=\"section\" data-e-type=\"section\">\n\t\t\t\t\t\t<div class=\"elementor-container elementor-column-gap-default\">\n\t\t\t\t\t<div class=\"elementor-column elementor-col-100 elementor-top-column elementor-element elementor-element-09cdc84\" data-id=\"09cdc84\" data-element_type=\"column\" data-e-type=\"column\">\n\t\t\t<div class=\"elementor-widget-wrap elementor-element-populated\">\n\t\t\t\t\t\t<div class=\"elementor-element elementor-element-1b5dac6 elementor-widget elementor-widget-heading\" data-id=\"1b5dac6\" data-element_type=\"widget\" data-e-type=\"widget\" data-widget_type=\"heading.default\">\n\t\t\t\t<div class=\"elementor-widget-container\">\n\t\t\t\t\t<h1 class=\"elementor-heading-title elementor-size-default\"><a href=\"http:\/\/2\">contact service pmr<\/a><\/h1>\t\t\t\t<\/div>\n\t\t\t\t<\/div>\n\t\t\t\t\t<\/div>\n\t\t<\/div>\n\t\t\t\t\t<\/div>\n\t\t<\/section>\n\t\t\t\t<section class=\"elementor-section elementor-top-section elementor-element elementor-element-8d695cd elementor-section-boxed elementor-section-height-default elementor-section-height-default wpr-particle-no wpr-jarallax-no wpr-parallax-no wpr-sticky-section-no wpr-equal-height-no\" data-id=\"8d695cd\" data-element_type=\"section\" data-e-type=\"section\">\n\t\t\t\t\t\t<div class=\"elementor-container elementor-column-gap-default\">\n\t\t\t\t\t<div class=\"elementor-column elementor-col-100 elementor-top-column elementor-element elementor-element-efbd0da\" data-id=\"efbd0da\" data-element_type=\"column\" data-e-type=\"column\">\n\t\t\t<div class=\"elementor-widget-wrap elementor-element-populated\">\n\t\t\t\t\t\t<div class=\"elementor-element elementor-element-77fa731 elementor-widget elementor-widget-text-editor\" data-id=\"77fa731\" data-element_type=\"widget\" data-e-type=\"widget\" data-widget_type=\"text-editor.default\">\n\t\t\t\t<div class=\"elementor-widget-container\">\n\t\t\t\t\t\t\t\t\t<div dir=\"auto\"><div>ACCESSIBLE INFO<\/div><\/div><div dir=\"auto\">The services for people with disabilities are solely limited to the holders of the disabled valid ID cards<\/div>\t\t\t\t\t\t\t\t<\/div>\n\t\t\t\t<\/div>\n\t\t\t\t\t<\/div>\n\t\t<\/div>\n\t\t\t\t\t<\/div>\n\t\t<\/section>\n\t\t\t\t<section class=\"elementor-section elementor-top-section elementor-element elementor-element-e1f9ecd elementor-section-boxed elementor-section-height-default elementor-section-height-default wpr-particle-no wpr-jarallax-no wpr-parallax-no wpr-sticky-section-no wpr-equal-height-no\" data-id=\"e1f9ecd\" data-element_type=\"section\" data-e-type=\"section\">\n\t\t\t\t\t\t<div class=\"elementor-container elementor-column-gap-wide\">\n\t\t\t\t\t<div class=\"elementor-column elementor-col-50 elementor-top-column elementor-element elementor-element-67b81b0\" data-id=\"67b81b0\" data-element_type=\"column\" data-e-type=\"column\">\n\t\t\t<div class=\"elementor-widget-wrap elementor-element-populated\">\n\t\t\t\t\t\t<div class=\"elementor-element elementor-element-f70c860 elementor-widget elementor-widget-wpforms\" data-id=\"f70c860\" data-element_type=\"widget\" data-e-type=\"widget\" data-widget_type=\"wpforms.default\">\n\t\t\t\t<div class=\"elementor-widget-container\">\n\t\t\t\t\t<div class=\"wpforms-container wpforms-container-full\" id=\"wpforms-6421\"><form id=\"wpforms-form-6421\" class=\"wpforms-validate wpforms-form wpforms-ajax-form\" data-formid=\"6421\" method=\"post\" enctype=\"multipart\/form-data\" action=\"\/en\/wp-json\/wp\/v2\/pages\/6425\" data-token=\"178e86135c0948514dcda22e18b6a4c1\" data-token-time=\"1776238072\"><div class=\"wpforms-head-container\"><div class=\"wpforms-description\">Vous avez une question?\r\nUne demande de renseignement?\r\nUne remarque?\r\n\r\nN'h\u00e9sitez pas \u00e0 nous \u00e9crire.<\/div><\/div><noscript class=\"wpforms-error-noscript\">Please enable JavaScript in your browser to complete this form.<\/noscript><div class=\"wpforms-field-container\"><div id=\"wpforms-6421-field_0-container\" class=\"wpforms-field wpforms-field-name wpforms-one-half\" data-field-id=\"0\"><label class=\"wpforms-field-label\" for=\"wpforms-6421-field_0\">Nom <span class=\"wpforms-required-label\">*<\/span><\/label><input type=\"text\" id=\"wpforms-6421-field_0\" class=\"wpforms-field-large wpforms-field-required\" name=\"wpforms[fields][0]\" required><\/div><div id=\"wpforms-6421-field_5-container\" class=\"wpforms-field wpforms-field-name wpforms-one-half\" data-field-id=\"5\"><label class=\"wpforms-field-label\" for=\"wpforms-6421-field_5\">Pr\u00e9nom <span class=\"wpforms-required-label\">*<\/span><\/label><input type=\"text\" id=\"wpforms-6421-field_5\" class=\"wpforms-field-large wpforms-field-required\" name=\"wpforms[fields][5]\" required><\/div><div id=\"wpforms-6421-field_1-container\" class=\"wpforms-field wpforms-field-email wpforms-one-half\" data-field-id=\"1\"><label class=\"wpforms-field-label\" for=\"wpforms-6421-field_1\">E-mail <span class=\"wpforms-required-label\">*<\/span><\/label><input type=\"email\" id=\"wpforms-6421-field_1\" class=\"wpforms-field-large wpforms-field-required\" name=\"wpforms[fields][1]\" spellcheck=\"false\" required><\/div><div id=\"wpforms-6421-field_2-container\" class=\"wpforms-field wpforms-field-textarea\" data-field-id=\"2\"><label class=\"wpforms-field-label\" for=\"wpforms-6421-field_2\">Commentaire ou message<\/label><textarea id=\"wpforms-6421-field_2\" class=\"wpforms-field-medium\" name=\"wpforms[fields][2]\" ><\/textarea><\/div><\/div><!-- .wpforms-field-container --><div class=\"wpforms-submit-container\" ><input type=\"hidden\" name=\"wpforms[id]\" value=\"6421\"><input type=\"hidden\" name=\"page_title\" value=\"\"><input type=\"hidden\" name=\"page_url\" value=\"https:\/\/saintvincent2024.fr\/en\/wp-json\/wp\/v2\/pages\/6425\"><input type=\"hidden\" name=\"url_referer\" value=\"\"><button type=\"submit\" name=\"wpforms[submit]\" id=\"wpforms-submit-6421\" class=\"wpforms-submit\" data-alt-text=\"Envoi...\" data-submit-text=\"Envoyer\" aria-live=\"assertive\" value=\"wpforms-submit\">Envoyer<\/button><img decoding=\"async\" src=\"https:\/\/saintvincent2024.fr\/wp-content\/plugins\/wpforms-lite\/assets\/images\/submit-spin.svg\" class=\"wpforms-submit-spinner\" style=\"display: none;\" width=\"26\" height=\"26\" alt=\"Loading\"><\/div><\/form><\/div>  <!-- .wpforms-container -->\t\t\t\t<\/div>\n\t\t\t\t<\/div>\n\t\t\t\t\t<\/div>\n\t\t<\/div>\n\t\t\t\t<div class=\"elementor-column elementor-col-50 elementor-top-column elementor-element elementor-element-0ed59a1\" data-id=\"0ed59a1\" data-element_type=\"column\" data-e-type=\"column\">\n\t\t\t<div class=\"elementor-widget-wrap elementor-element-populated\">\n\t\t\t\t\t\t<div class=\"elementor-element elementor-element-5f72cc7 elementor-widget elementor-widget-image\" data-id=\"5f72cc7\" data-element_type=\"widget\" data-e-type=\"widget\" data-widget_type=\"image.default\">\n\t\t\t\t<div class=\"elementor-widget-container\">\n\t\t\t\t\t\t\t\t\t\t\t\t\t\t\t<img fetchpriority=\"high\" decoding=\"async\" width=\"627\" height=\"800\" src=\"https:\/\/saintvincent2024.fr\/wp-content\/uploads\/2022\/12\/cropped-logo-STVoncent-complet--e1681033494678.png\" class=\"attachment-large size-large wp-image-58\" alt=\"\" srcset=\"https:\/\/saintvincent2024.fr\/wp-content\/uploads\/2022\/12\/cropped-logo-STVoncent-complet--e1681033494678.png 627w, https:\/\/saintvincent2024.fr\/wp-content\/uploads\/2022\/12\/cropped-logo-STVoncent-complet--e1681033494678-235x300.png 235w, https:\/\/saintvincent2024.fr\/wp-content\/uploads\/2022\/12\/cropped-logo-STVoncent-complet--e1681033494678-9x12.png 9w\" sizes=\"(max-width: 627px) 100vw, 627px\" \/>\t\t\t\t\t\t\t\t\t\t\t\t\t\t\t<\/div>\n\t\t\t\t<\/div>\n\t\t\t\t\t<\/div>\n\t\t<\/div>\n\t\t\t\t\t<\/div>\n\t\t<\/section>\n\t\t\t\t<\/div>\n\t\t","protected":false},"excerpt":{"rendered":"<p>contact service pmr ACCESSIBLE INFOThe services for people with disabilities are solely limited to the holders of the disabled valid ID cards Vous avez une question? Une demande de renseignement? Une remarque? N&rsquo;h\u00e9sitez pas \u00e0 nous \u00e9crire.Veuillez activer JavaScript dans votre navigateur pour remplir ce formulaire.Nom *Pr\u00e9nom *E-mail *Commentaire ou message Envoyer<\/p>","protected":false},"author":2,"featured_media":0,"parent":0,"menu_order":0,"comment_status":"closed","ping_status":"closed","template":"","meta":{"ocean_post_layout":"","ocean_both_sidebars_style":"","ocean_both_sidebars_content_width":0,"ocean_both_sidebars_sidebars_width":0,"ocean_sidebar":"0","ocean_second_sidebar":"0","ocean_disable_margins":"enable","ocean_add_body_class":"","ocean_shortcode_before_top_bar":"","ocean_shortcode_after_top_bar":"","ocean_shortcode_before_header":"","ocean_shortcode_after_header":"","ocean_has_shortcode":"","ocean_shortcode_after_title":"","ocean_shortcode_before_footer_widgets":"","ocean_shortcode_after_footer_widgets":"","ocean_shortcode_before_footer_bottom":"","ocean_shortcode_after_footer_bottom":"","ocean_display_top_bar":"default","ocean_display_header":"default","ocean_header_style":"","ocean_center_header_left_menu":"0","ocean_custom_header_template":"0","ocean_custom_logo":0,"ocean_custom_retina_logo":0,"ocean_custom_logo_max_width":0,"ocean_custom_logo_tablet_max_width":0,"ocean_custom_logo_mobile_max_width":0,"ocean_custom_logo_max_height":0,"ocean_custom_logo_tablet_max_height":0,"ocean_custom_logo_mobile_max_height":0,"ocean_header_custom_menu":"0","ocean_menu_typo_font_family":"0","ocean_menu_typo_font_subset":"","ocean_menu_typo_font_size":0,"ocean_menu_typo_font_size_tablet":0,"ocean_menu_typo_font_size_mobile":0,"ocean_menu_typo_font_size_unit":"px","ocean_menu_typo_font_weight":"","ocean_menu_typo_font_weight_tablet":"","ocean_menu_typo_font_weight_mobile":"","ocean_menu_typo_transform":"","ocean_menu_typo_transform_tablet":"","ocean_menu_typo_transform_mobile":"","ocean_menu_typo_line_height":0,"ocean_menu_typo_line_height_tablet":0,"ocean_menu_typo_line_height_mobile":0,"ocean_menu_typo_line_height_unit":"","ocean_menu_typo_spacing":0,"ocean_menu_typo_spacing_tablet":0,"ocean_menu_typo_spacing_mobile":0,"ocean_menu_typo_spacing_unit":"","ocean_menu_link_color":"","ocean_menu_link_color_hover":"","ocean_menu_link_color_active":"","ocean_menu_link_background":"","ocean_menu_link_hover_background":"","ocean_menu_link_active_background":"","ocean_menu_social_links_bg":"","ocean_menu_social_hover_links_bg":"","ocean_menu_social_links_color":"","ocean_menu_social_hover_links_color":"","ocean_disable_title":"default","ocean_disable_heading":"default","ocean_post_title":"","ocean_post_subheading":"","ocean_post_title_style":"","ocean_post_title_background_color":"","ocean_post_title_background":0,"ocean_post_title_bg_image_position":"","ocean_post_title_bg_image_attachment":"","ocean_post_title_bg_image_repeat":"","ocean_post_title_bg_image_size":"","ocean_post_title_height":0,"ocean_post_title_bg_overlay":0.5,"ocean_post_title_bg_overlay_color":"","ocean_disable_breadcrumbs":"default","ocean_breadcrumbs_color":"","ocean_breadcrumbs_separator_color":"","ocean_breadcrumbs_links_color":"","ocean_breadcrumbs_links_hover_color":"","ocean_display_footer_widgets":"default","ocean_display_footer_bottom":"default","ocean_custom_footer_template":"0","footnotes":""},"class_list":["post-6425","page","type-page","status-publish","hentry","entry"],"featured_image_src":null,"yoast_head":"<!-- This site is optimized with the Yoast SEO plugin v27.4 - https:\/\/yoast.com\/product\/yoast-seo-wordpress\/ -->\n<title>pmr contact - Saint-Vincent Tournante 2024<\/title>\n<meta name=\"robots\" content=\"index, follow, max-snippet:-1, max-image-preview:large, max-video-preview:-1\" \/>\n<link rel=\"canonical\" href=\"https:\/\/saintvincent2024.fr\/en\/pmr-contact\/\" \/>\n<meta property=\"og:locale\" content=\"en_GB\" \/>\n<meta property=\"og:type\" content=\"article\" \/>\n<meta property=\"og:title\" content=\"pmr contact - Saint-Vincent Tournante 2024\" \/>\n<meta property=\"og:description\" content=\"contact service pmr ACCESSIBLE INFOThe services for people with disabilities are solely limited to the holders of the disabled valid ID cards Vous avez une question? Une demande de renseignement? Une remarque? N&rsquo;h\u00e9sitez pas \u00e0 nous \u00e9crire.Veuillez activer JavaScript dans votre navigateur pour remplir ce formulaire.Nom *Pr\u00e9nom *E-mail *Commentaire ou message Envoyer\" \/>\n<meta property=\"og:url\" content=\"https:\/\/saintvincent2024.fr\/en\/pmr-contact\/\" \/>\n<meta property=\"og:site_name\" content=\"Saint-Vincent Tournante 2024\" \/>\n<meta property=\"article:modified_time\" content=\"2023-12-14T20:59:12+00:00\" \/>\n<meta property=\"og:image\" content=\"https:\/\/saintvincent2024.fr\/wp-content\/plugins\/wpforms-lite\/assets\/images\/submit-spin.svg\" \/>\n<meta name=\"twitter:card\" content=\"summary_large_image\" \/>\n<meta name=\"twitter:label1\" content=\"Estimated reading time\" \/>\n\t<meta name=\"twitter:data1\" content=\"1 minute\" \/>\n<script type=\"application\/ld+json\" class=\"yoast-schema-graph\">{\"@context\":\"https:\\\/\\\/schema.org\",\"@graph\":[{\"@type\":\"WebPage\",\"@id\":\"https:\\\/\\\/saintvincent2024.fr\\\/pmr-contact\\\/\",\"url\":\"https:\\\/\\\/saintvincent2024.fr\\\/pmr-contact\\\/\",\"name\":\"pmr contact - Saint-Vincent Tournante 2024\",\"isPartOf\":{\"@id\":\"https:\\\/\\\/saintvincent2024.fr\\\/#website\"},\"primaryImageOfPage\":{\"@id\":\"https:\\\/\\\/saintvincent2024.fr\\\/pmr-contact\\\/#primaryimage\"},\"image\":{\"@id\":\"https:\\\/\\\/saintvincent2024.fr\\\/pmr-contact\\\/#primaryimage\"},\"thumbnailUrl\":\"https:\\\/\\\/saintvincent2024.fr\\\/wp-content\\\/plugins\\\/wpforms-lite\\\/assets\\\/images\\\/submit-spin.svg\",\"datePublished\":\"2023-12-08T10:06:52+00:00\",\"dateModified\":\"2023-12-14T20:59:12+00:00\",\"breadcrumb\":{\"@id\":\"https:\\\/\\\/saintvincent2024.fr\\\/pmr-contact\\\/#breadcrumb\"},\"inLanguage\":\"en-GB\",\"potentialAction\":[{\"@type\":\"ReadAction\",\"target\":[\"https:\\\/\\\/saintvincent2024.fr\\\/pmr-contact\\\/\"]}]},{\"@type\":\"ImageObject\",\"inLanguage\":\"en-GB\",\"@id\":\"https:\\\/\\\/saintvincent2024.fr\\\/pmr-contact\\\/#primaryimage\",\"url\":\"https:\\\/\\\/saintvincent2024.fr\\\/wp-content\\\/plugins\\\/wpforms-lite\\\/assets\\\/images\\\/submit-spin.svg\",\"contentUrl\":\"https:\\\/\\\/saintvincent2024.fr\\\/wp-content\\\/plugins\\\/wpforms-lite\\\/assets\\\/images\\\/submit-spin.svg\"},{\"@type\":\"BreadcrumbList\",\"@id\":\"https:\\\/\\\/saintvincent2024.fr\\\/pmr-contact\\\/#breadcrumb\",\"itemListElement\":[{\"@type\":\"ListItem\",\"position\":1,\"name\":\"Accueil\",\"item\":\"https:\\\/\\\/saintvincent2024.fr\\\/\"},{\"@type\":\"ListItem\",\"position\":2,\"name\":\"pmr contact\"}]},{\"@type\":\"WebSite\",\"@id\":\"https:\\\/\\\/saintvincent2024.fr\\\/#website\",\"url\":\"https:\\\/\\\/saintvincent2024.fr\\\/\",\"name\":\"Saint-Vincent Tournante 2024\",\"description\":\"Morey-Saint-Denis Chambolle-Musigny\",\"publisher\":{\"@id\":\"https:\\\/\\\/saintvincent2024.fr\\\/#organization\"},\"potentialAction\":[{\"@type\":\"SearchAction\",\"target\":{\"@type\":\"EntryPoint\",\"urlTemplate\":\"https:\\\/\\\/saintvincent2024.fr\\\/?s={search_term_string}\"},\"query-input\":{\"@type\":\"PropertyValueSpecification\",\"valueRequired\":true,\"valueName\":\"search_term_string\"}}],\"inLanguage\":\"en-GB\"},{\"@type\":\"Organization\",\"@id\":\"https:\\\/\\\/saintvincent2024.fr\\\/#organization\",\"name\":\"Saint-Vincent Tournante 2024\",\"url\":\"https:\\\/\\\/saintvincent2024.fr\\\/\",\"logo\":{\"@type\":\"ImageObject\",\"inLanguage\":\"en-GB\",\"@id\":\"https:\\\/\\\/saintvincent2024.fr\\\/#\\\/schema\\\/logo\\\/image\\\/\",\"url\":\"https:\\\/\\\/saintvincent2024.fr\\\/wp-content\\\/uploads\\\/2023\\\/04\\\/cropped-LOGO-SIGNATURE-MAIL-light-.png\",\"contentUrl\":\"https:\\\/\\\/saintvincent2024.fr\\\/wp-content\\\/uploads\\\/2023\\\/04\\\/cropped-LOGO-SIGNATURE-MAIL-light-.png\",\"width\":1374,\"height\":378,\"caption\":\"Saint-Vincent Tournante 2024\"},\"image\":{\"@id\":\"https:\\\/\\\/saintvincent2024.fr\\\/#\\\/schema\\\/logo\\\/image\\\/\"}}]}<\/script>\n<!-- \/ Yoast SEO plugin. -->","yoast_head_json":{"title":"pmr contact - Saint-Vincent Tournante 2024","robots":{"index":"index","follow":"follow","max-snippet":"max-snippet:-1","max-image-preview":"max-image-preview:large","max-video-preview":"max-video-preview:-1"},"canonical":"https:\/\/saintvincent2024.fr\/en\/pmr-contact\/","og_locale":"en_GB","og_type":"article","og_title":"pmr contact - Saint-Vincent Tournante 2024","og_description":"contact service pmr ACCESSIBLE INFOThe services for people with disabilities are solely limited to the holders of the disabled valid ID cards Vous avez une question? Une demande de renseignement? Une remarque? N&rsquo;h\u00e9sitez pas \u00e0 nous \u00e9crire.Veuillez activer JavaScript dans votre navigateur pour remplir ce formulaire.Nom *Pr\u00e9nom *E-mail *Commentaire ou message Envoyer","og_url":"https:\/\/saintvincent2024.fr\/en\/pmr-contact\/","og_site_name":"Saint-Vincent Tournante 2024","article_modified_time":"2023-12-14T20:59:12+00:00","og_image":[{"url":"https:\/\/saintvincent2024.fr\/wp-content\/plugins\/wpforms-lite\/assets\/images\/submit-spin.svg","type":"","width":"","height":""}],"twitter_card":"summary_large_image","twitter_misc":{"Estimated reading time":"1 minute"},"schema":{"@context":"https:\/\/schema.org","@graph":[{"@type":"WebPage","@id":"https:\/\/saintvincent2024.fr\/pmr-contact\/","url":"https:\/\/saintvincent2024.fr\/pmr-contact\/","name":"pmr contact - Saint-Vincent Tournante 2024","isPartOf":{"@id":"https:\/\/saintvincent2024.fr\/#website"},"primaryImageOfPage":{"@id":"https:\/\/saintvincent2024.fr\/pmr-contact\/#primaryimage"},"image":{"@id":"https:\/\/saintvincent2024.fr\/pmr-contact\/#primaryimage"},"thumbnailUrl":"https:\/\/saintvincent2024.fr\/wp-content\/plugins\/wpforms-lite\/assets\/images\/submit-spin.svg","datePublished":"2023-12-08T10:06:52+00:00","dateModified":"2023-12-14T20:59:12+00:00","breadcrumb":{"@id":"https:\/\/saintvincent2024.fr\/pmr-contact\/#breadcrumb"},"inLanguage":"en-GB","potentialAction":[{"@type":"ReadAction","target":["https:\/\/saintvincent2024.fr\/pmr-contact\/"]}]},{"@type":"ImageObject","inLanguage":"en-GB","@id":"https:\/\/saintvincent2024.fr\/pmr-contact\/#primaryimage","url":"https:\/\/saintvincent2024.fr\/wp-content\/plugins\/wpforms-lite\/assets\/images\/submit-spin.svg","contentUrl":"https:\/\/saintvincent2024.fr\/wp-content\/plugins\/wpforms-lite\/assets\/images\/submit-spin.svg"},{"@type":"BreadcrumbList","@id":"https:\/\/saintvincent2024.fr\/pmr-contact\/#breadcrumb","itemListElement":[{"@type":"ListItem","position":1,"name":"Accueil","item":"https:\/\/saintvincent2024.fr\/"},{"@type":"ListItem","position":2,"name":"pmr contact"}]},{"@type":"WebSite","@id":"https:\/\/saintvincent2024.fr\/#website","url":"https:\/\/saintvincent2024.fr\/","name":"Saint-Vincent Tournante 2024","description":"Morey-Saint-Denis Chambolle-Musigny","publisher":{"@id":"https:\/\/saintvincent2024.fr\/#organization"},"potentialAction":[{"@type":"SearchAction","target":{"@type":"EntryPoint","urlTemplate":"https:\/\/saintvincent2024.fr\/?s={search_term_string}"},"query-input":{"@type":"PropertyValueSpecification","valueRequired":true,"valueName":"search_term_string"}}],"inLanguage":"en-GB"},{"@type":"Organization","@id":"https:\/\/saintvincent2024.fr\/#organization","name":"Saint-Vincent Tournante 2024","url":"https:\/\/saintvincent2024.fr\/","logo":{"@type":"ImageObject","inLanguage":"en-GB","@id":"https:\/\/saintvincent2024.fr\/#\/schema\/logo\/image\/","url":"https:\/\/saintvincent2024.fr\/wp-content\/uploads\/2023\/04\/cropped-LOGO-SIGNATURE-MAIL-light-.png","contentUrl":"https:\/\/saintvincent2024.fr\/wp-content\/uploads\/2023\/04\/cropped-LOGO-SIGNATURE-MAIL-light-.png","width":1374,"height":378,"caption":"Saint-Vincent Tournante 2024"},"image":{"@id":"https:\/\/saintvincent2024.fr\/#\/schema\/logo\/image\/"}}]}},"rttpg_featured_image_url":null,"rttpg_author":{"display_name":"admin svtmc","author_link":"https:\/\/saintvincent2024.fr\/en\/author\/adminsvtmc\/"},"rttpg_comment":0,"rttpg_category":null,"rttpg_excerpt":"contact service pmr ACCESSIBLE INFOThe services for people with disabilities are solely limited to the holders of the disabled valid ID cards Vous avez une question? Une demande de renseignement? Une remarque? N&rsquo;h\u00e9sitez pas \u00e0 nous \u00e9crire.Veuillez activer JavaScript dans votre navigateur pour remplir ce formulaire.Nom *Pr\u00e9nom *E-mail *Commentaire ou message Envoyer","_links":{"self":[{"href":"https:\/\/saintvincent2024.fr\/en\/wp-json\/wp\/v2\/pages\/6425","targetHints":{"allow":["GET"]}}],"collection":[{"href":"https:\/\/saintvincent2024.fr\/en\/wp-json\/wp\/v2\/pages"}],"about":[{"href":"https:\/\/saintvincent2024.fr\/en\/wp-json\/wp\/v2\/types\/page"}],"author":[{"embeddable":true,"href":"https:\/\/saintvincent2024.fr\/en\/wp-json\/wp\/v2\/users\/2"}],"replies":[{"embeddable":true,"href":"https:\/\/saintvincent2024.fr\/en\/wp-json\/wp\/v2\/comments?post=6425"}],"version-history":[{"count":10,"href":"https:\/\/saintvincent2024.fr\/en\/wp-json\/wp\/v2\/pages\/6425\/revisions"}],"predecessor-version":[{"id":9285,"href":"https:\/\/saintvincent2024.fr\/en\/wp-json\/wp\/v2\/pages\/6425\/revisions\/9285"}],"wp:attachment":[{"href":"https:\/\/saintvincent2024.fr\/en\/wp-json\/wp\/v2\/media?parent=6425"}],"curies":[{"name":"wp","href":"https:\/\/api.w.org\/{rel}","templated":true}]}}