{"id":2205,"date":"2023-04-05T10:53:14","date_gmt":"2023-04-05T08:53:14","guid":{"rendered":"https:\/\/saintvincent2024.fr\/?page_id=2205"},"modified":"2023-04-05T13:09:48","modified_gmt":"2023-04-05T11:09:48","slug":"inscription-newsletter","status":"publish","type":"page","link":"https:\/\/saintvincent2024.fr\/en\/inscription-newsletter\/","title":{"rendered":"Inscription NewsLetter"},"content":{"rendered":"\t\t<div data-elementor-type=\"wp-page\" data-elementor-id=\"2205\" class=\"elementor elementor-2205\">\n\t\t\t\t\t\t<section class=\"elementor-section elementor-top-section elementor-element elementor-element-3cdc2d7 elementor-section-height-min-height elementor-section-content-middle elementor-section-boxed elementor-section-height-default elementor-section-items-middle wpr-particle-no wpr-jarallax-no wpr-parallax-no wpr-sticky-section-no wpr-equal-height-no\" data-id=\"3cdc2d7\" data-element_type=\"section\" data-e-type=\"section\" data-settings=\"{&quot;background_background&quot;:&quot;classic&quot;}\">\n\t\t\t\t\t\t\t<div class=\"elementor-background-overlay\"><\/div>\n\t\t\t\t\t\t\t<div class=\"elementor-container elementor-column-gap-default\">\n\t\t\t\t\t<div class=\"elementor-column elementor-col-100 elementor-top-column elementor-element elementor-element-d58abd5\" data-id=\"d58abd5\" data-element_type=\"column\" data-e-type=\"column\">\n\t\t\t<div class=\"elementor-widget-wrap elementor-element-populated\">\n\t\t\t\t\t\t<div class=\"elementor-element elementor-element-5c116d3 elementor-widget__width-auto elementor-widget elementor-widget-heading\" data-id=\"5c116d3\" data-element_type=\"widget\" data-e-type=\"widget\" data-widget_type=\"heading.default\">\n\t\t\t\t<div class=\"elementor-widget-container\">\n\t\t\t\t\t<h2 class=\"elementor-heading-title elementor-size-default\">Newsletter<\/h2>\t\t\t\t<\/div>\n\t\t\t\t<\/div>\n\t\t\t\t\t<\/div>\n\t\t<\/div>\n\t\t\t\t\t<\/div>\n\t\t<\/section>\n\t\t\t\t<section class=\"elementor-section elementor-top-section elementor-element elementor-element-e1f9ecd elementor-section-boxed elementor-section-height-default elementor-section-height-default wpr-particle-no wpr-jarallax-no wpr-parallax-no wpr-sticky-section-no wpr-equal-height-no\" data-id=\"e1f9ecd\" data-element_type=\"section\" data-e-type=\"section\">\n\t\t\t\t\t\t<div class=\"elementor-container elementor-column-gap-wide\">\n\t\t\t\t\t<div class=\"elementor-column elementor-col-100 elementor-top-column elementor-element elementor-element-67b81b0\" data-id=\"67b81b0\" data-element_type=\"column\" data-e-type=\"column\">\n\t\t\t<div class=\"elementor-widget-wrap elementor-element-populated\">\n\t\t\t\t\t\t<div class=\"elementor-element elementor-element-dfc2c64 elementor-widget__width-auto elementor-widget elementor-widget-heading\" data-id=\"dfc2c64\" data-element_type=\"widget\" data-e-type=\"widget\" data-widget_type=\"heading.default\">\n\t\t\t\t<div class=\"elementor-widget-container\">\n\t\t\t\t\t<p class=\"elementor-heading-title elementor-size-default\"><form method=\"post\" action=\"https:\/\/newsletter.infomaniak.com\/external\/submit\" target=\"_blank\"><input type=\"email\" name=\"email\" \/><input type=\"hidden\" name=\"key\"><input type=\"hidden\" name=\"webform_id\"><style> .inf-main_9f3d342d38e036a9137ef3e270d9d79c{ background-color:#f5f5f5; padding:25px 20px; margin:25px auto; } .inf-main_9f3d342d38e036a9137ef3e270d9d79c .inf-content { margin-top:13px;} .inf-main_9f3d342d38e036a9137ef3e270d9d79c h4, .inf-main_9f3d342d38e036a9137ef3e270d9d79c span, .inf-main_9f3d342d38e036a9137ef3e270d9d79c label, .inf-main_9f3d342d38e036a9137ef3e270d9d79c input, .inf-main_9f3d342d38e036a9137ef3e270d9d79c .inf-submit, .inf-main_9f3d342d38e036a9137ef3e270d9d79c .inf-success p a { color:#555555; font-size:14px; } .inf-main_9f3d342d38e036a9137ef3e270d9d79c h4{ font-size:18px; margin:0px 0px 13px 0px; } .inf-main_9f3d342d38e036a9137ef3e270d9d79c h4, .inf-main_9f3d342d38e036a9137ef3e270d9d79c label{ font-weight:bold; } .inf-main_9f3d342d38e036a9137ef3e270d9d79c .inf-input { margin-bottom:7px; } .inf-main_9f3d342d38e036a9137ef3e270d9d79c label { display:block;} .inf-main_9f3d342d38e036a9137ef3e270d9d79c input{ height:35px; color:#999999; border: 1px solid #E9E9E9; border:none; padding-left:7px; } .inf-main_9f3d342d38e036a9137ef3e270d9d79c .inf-input.inf-error label, .inf-main_9f3d342d38e036a9137ef3e270d9d79c .inf-input.inf-error span.inf-message{ color: #cc0033; } .inf-main_9f3d342d38e036a9137ef3e270d9d79c .inf-input.inf-error input{ border: 1px solid #cc0033; } .inf-main_9f3d342d38e036a9137ef3e270d9d79c .inf-input input { width:100%;} .inf-main_9f3d342d38e036a9137ef3e270d9d79c .inf-input.inf-error span.inf-message { display: block; } .inf-main_9f3d342d38e036a9137ef3e270d9d79c .inf-submit { text-align:right;} .inf-main_9f3d342d38e036a9137ef3e270d9d79c .inf-submit input{ background-color:#777777; color:#ffffff; border:none; font-weight: normal; height:auto; padding:7px; } .inf-main_9f3d342d38e036a9137ef3e270d9d79c .inf-submit input.disabled{ opacity: 0.4; } .inf-btn { color: rgb(85, 85, 85); border: medium none; font-weight: normal; height: auto; padding: 7px; display: inline-block; background-color: white; box-shadow: 0px 1px 1px rgba(0, 0, 0, 0.24); border-radius: 2px; line-height: 1em; } .inf-rgpd { margin:25px 0px 15px 0px; color:#555555; } <\/style> <div class=\"inf-main_9f3d342d38e036a9137ef3e270d9d79c\"> <h4>Inscription \u00e0 la Newsletter de la Saint-Vincent 2024<\/h4> <span><\/span> <div class=\"inf-success\"> <h4>Votre inscription a \u00e9t\u00e9 enregistr\u00e9e avec succ\u00e8s !<\/h4> <p> <a href=\"#\" class=\"inf-btn\">&laquo;<\/a> <\/p> <\/div> <div class=\"inf-content\"> <div class=\"inf-input inf-input-text\"> <input type=\"text\" name=\"inf[1]\" placeholder=\"Email\"> <\/div> <div class=\"inf-input inf-input-text\"> <input type=\"text\" name=\"inf[3]\" placeholder=\"Nom\"> <\/div> <div class=\"inf-input inf-input-text\"> <input type=\"text\" name=\"inf[2]\" placeholder=\"Pr\u00e9nom\"> <\/div> <div class=\"inf-rgpd\">Votre adresse de messagerie est uniquement utilis\u00e9e pour vous envoyer notre lettre d'information ainsi que des informations concernant nos activit\u00e9s. Vous pouvez \u00e0 tout moment utiliser le lien de d\u00e9sabonnement int\u00e9gr\u00e9 dans chacun de nos mails.<\/div> <div class=\"inf-submit\"> <input type=\"submit\" name=\"\"> <\/div> <\/div> <\/div> <\/form><\/p>\t\t\t\t<\/div>\n\t\t\t\t<\/div>\n\t\t\t\t\t<\/div>\n\t\t<\/div>\n\t\t\t\t\t<\/div>\n\t\t<\/section>\n\t\t\t\t<\/div>\n\t\t","protected":false},"excerpt":{"rendered":"<p>Newsletter Inscription \u00e0 la Newsletter de la Saint-Vincent 2024 Votre inscription a \u00e9t\u00e9 enregistr\u00e9e avec succ\u00e8s ! &laquo; Votre adresse de messagerie est uniquement utilis\u00e9e pour vous envoyer notre lettre d&rsquo;information ainsi que des informations concernant nos activit\u00e9s. Vous pouvez \u00e0 tout moment utiliser le lien de d\u00e9sabonnement int\u00e9gr\u00e9 dans chacun de nos mails.<\/p>","protected":false},"author":2,"featured_media":0,"parent":0,"menu_order":0,"comment_status":"closed","ping_status":"closed","template":"","meta":{"ocean_post_layout":"","ocean_both_sidebars_style":"","ocean_both_sidebars_content_width":0,"ocean_both_sidebars_sidebars_width":0,"ocean_sidebar":"0","ocean_second_sidebar":"0","ocean_disable_margins":"enable","ocean_add_body_class":"","ocean_shortcode_before_top_bar":"","ocean_shortcode_after_top_bar":"","ocean_shortcode_before_header":"","ocean_shortcode_after_header":"","ocean_has_shortcode":"","ocean_shortcode_after_title":"","ocean_shortcode_before_footer_widgets":"","ocean_shortcode_after_footer_widgets":"","ocean_shortcode_before_footer_bottom":"","ocean_shortcode_after_footer_bottom":"","ocean_display_top_bar":"default","ocean_display_header":"default","ocean_header_style":"","ocean_center_header_left_menu":"0","ocean_custom_header_template":"0","ocean_custom_logo":0,"ocean_custom_retina_logo":0,"ocean_custom_logo_max_width":0,"ocean_custom_logo_tablet_max_width":0,"ocean_custom_logo_mobile_max_width":0,"ocean_custom_logo_max_height":0,"ocean_custom_logo_tablet_max_height":0,"ocean_custom_logo_mobile_max_height":0,"ocean_header_custom_menu":"0","ocean_menu_typo_font_family":"0","ocean_menu_typo_font_subset":"","ocean_menu_typo_font_size":0,"ocean_menu_typo_font_size_tablet":0,"ocean_menu_typo_font_size_mobile":0,"ocean_menu_typo_font_size_unit":"px","ocean_menu_typo_font_weight":"","ocean_menu_typo_font_weight_tablet":"","ocean_menu_typo_font_weight_mobile":"","ocean_menu_typo_transform":"","ocean_menu_typo_transform_tablet":"","ocean_menu_typo_transform_mobile":"","ocean_menu_typo_line_height":0,"ocean_menu_typo_line_height_tablet":0,"ocean_menu_typo_line_height_mobile":0,"ocean_menu_typo_line_height_unit":"","ocean_menu_typo_spacing":0,"ocean_menu_typo_spacing_tablet":0,"ocean_menu_typo_spacing_mobile":0,"ocean_menu_typo_spacing_unit":"","ocean_menu_link_color":"","ocean_menu_link_color_hover":"","ocean_menu_link_color_active":"","ocean_menu_link_background":"","ocean_menu_link_hover_background":"","ocean_menu_link_active_background":"","ocean_menu_social_links_bg":"","ocean_menu_social_hover_links_bg":"","ocean_menu_social_links_color":"","ocean_menu_social_hover_links_color":"","ocean_disable_title":"default","ocean_disable_heading":"default","ocean_post_title":"","ocean_post_subheading":"","ocean_post_title_style":"","ocean_post_title_background_color":"","ocean_post_title_background":0,"ocean_post_title_bg_image_position":"","ocean_post_title_bg_image_attachment":"","ocean_post_title_bg_image_repeat":"","ocean_post_title_bg_image_size":"","ocean_post_title_height":0,"ocean_post_title_bg_overlay":0.5,"ocean_post_title_bg_overlay_color":"","ocean_disable_breadcrumbs":"default","ocean_breadcrumbs_color":"","ocean_breadcrumbs_separator_color":"","ocean_breadcrumbs_links_color":"","ocean_breadcrumbs_links_hover_color":"","ocean_display_footer_widgets":"default","ocean_display_footer_bottom":"default","ocean_custom_footer_template":"0","footnotes":""},"class_list":["post-2205","page","type-page","status-publish","hentry","entry"],"featured_image_src":null,"yoast_head":"<!-- This site is optimized with the Yoast SEO plugin v27.5 - https:\/\/yoast.com\/product\/yoast-seo-wordpress\/ -->\n<title>Inscription NewsLetter - Saint-Vincent Tournante 2024<\/title>\n<meta name=\"robots\" content=\"index, follow, max-snippet:-1, max-image-preview:large, max-video-preview:-1\" \/>\n<link rel=\"canonical\" href=\"https:\/\/saintvincent2024.fr\/en\/inscription-newsletter\/\" \/>\n<meta property=\"og:locale\" content=\"en_GB\" \/>\n<meta property=\"og:type\" content=\"article\" \/>\n<meta property=\"og:title\" content=\"Inscription NewsLetter - Saint-Vincent Tournante 2024\" \/>\n<meta property=\"og:description\" content=\"Newsletter Inscription \u00e0 la Newsletter de la Saint-Vincent 2024 Votre inscription a \u00e9t\u00e9 enregistr\u00e9e avec succ\u00e8s ! &laquo; Votre adresse de messagerie est uniquement utilis\u00e9e pour vous envoyer notre lettre d&rsquo;information ainsi que des informations concernant nos activit\u00e9s. Vous pouvez \u00e0 tout moment utiliser le lien de d\u00e9sabonnement int\u00e9gr\u00e9 dans chacun de nos mails.\" \/>\n<meta property=\"og:url\" content=\"https:\/\/saintvincent2024.fr\/en\/inscription-newsletter\/\" \/>\n<meta property=\"og:site_name\" content=\"Saint-Vincent Tournante 2024\" \/>\n<meta property=\"article:modified_time\" content=\"2023-04-05T11:09:48+00:00\" \/>\n<meta name=\"twitter:card\" content=\"summary_large_image\" \/>\n<script type=\"application\/ld+json\" class=\"yoast-schema-graph\">{\"@context\":\"https:\\\/\\\/schema.org\",\"@graph\":[{\"@type\":\"WebPage\",\"@id\":\"https:\\\/\\\/saintvincent2024.fr\\\/inscription-newsletter\\\/\",\"url\":\"https:\\\/\\\/saintvincent2024.fr\\\/inscription-newsletter\\\/\",\"name\":\"Inscription NewsLetter - Saint-Vincent Tournante 2024\",\"isPartOf\":{\"@id\":\"https:\\\/\\\/saintvincent2024.fr\\\/#website\"},\"datePublished\":\"2023-04-05T08:53:14+00:00\",\"dateModified\":\"2023-04-05T11:09:48+00:00\",\"breadcrumb\":{\"@id\":\"https:\\\/\\\/saintvincent2024.fr\\\/inscription-newsletter\\\/#breadcrumb\"},\"inLanguage\":\"en-GB\",\"potentialAction\":[{\"@type\":\"ReadAction\",\"target\":[\"https:\\\/\\\/saintvincent2024.fr\\\/inscription-newsletter\\\/\"]}]},{\"@type\":\"BreadcrumbList\",\"@id\":\"https:\\\/\\\/saintvincent2024.fr\\\/inscription-newsletter\\\/#breadcrumb\",\"itemListElement\":[{\"@type\":\"ListItem\",\"position\":1,\"name\":\"Accueil\",\"item\":\"https:\\\/\\\/saintvincent2024.fr\\\/\"},{\"@type\":\"ListItem\",\"position\":2,\"name\":\"Inscription NewsLetter\"}]},{\"@type\":\"WebSite\",\"@id\":\"https:\\\/\\\/saintvincent2024.fr\\\/#website\",\"url\":\"https:\\\/\\\/saintvincent2024.fr\\\/\",\"name\":\"Saint-Vincent Tournante 2024\",\"description\":\"Morey-Saint-Denis Chambolle-Musigny\",\"publisher\":{\"@id\":\"https:\\\/\\\/saintvincent2024.fr\\\/#organization\"},\"potentialAction\":[{\"@type\":\"SearchAction\",\"target\":{\"@type\":\"EntryPoint\",\"urlTemplate\":\"https:\\\/\\\/saintvincent2024.fr\\\/?s={search_term_string}\"},\"query-input\":{\"@type\":\"PropertyValueSpecification\",\"valueRequired\":true,\"valueName\":\"search_term_string\"}}],\"inLanguage\":\"en-GB\"},{\"@type\":\"Organization\",\"@id\":\"https:\\\/\\\/saintvincent2024.fr\\\/#organization\",\"name\":\"Saint-Vincent Tournante 2024\",\"url\":\"https:\\\/\\\/saintvincent2024.fr\\\/\",\"logo\":{\"@type\":\"ImageObject\",\"inLanguage\":\"en-GB\",\"@id\":\"https:\\\/\\\/saintvincent2024.fr\\\/#\\\/schema\\\/logo\\\/image\\\/\",\"url\":\"https:\\\/\\\/saintvincent2024.fr\\\/wp-content\\\/uploads\\\/2023\\\/04\\\/cropped-LOGO-SIGNATURE-MAIL-light-.png\",\"contentUrl\":\"https:\\\/\\\/saintvincent2024.fr\\\/wp-content\\\/uploads\\\/2023\\\/04\\\/cropped-LOGO-SIGNATURE-MAIL-light-.png\",\"width\":1374,\"height\":378,\"caption\":\"Saint-Vincent Tournante 2024\"},\"image\":{\"@id\":\"https:\\\/\\\/saintvincent2024.fr\\\/#\\\/schema\\\/logo\\\/image\\\/\"}}]}<\/script>\n<!-- \/ Yoast SEO plugin. -->","yoast_head_json":{"title":"Inscription NewsLetter - Saint-Vincent Tournante 2024","robots":{"index":"index","follow":"follow","max-snippet":"max-snippet:-1","max-image-preview":"max-image-preview:large","max-video-preview":"max-video-preview:-1"},"canonical":"https:\/\/saintvincent2024.fr\/en\/inscription-newsletter\/","og_locale":"en_GB","og_type":"article","og_title":"Inscription NewsLetter - Saint-Vincent Tournante 2024","og_description":"Newsletter Inscription \u00e0 la Newsletter de la Saint-Vincent 2024 Votre inscription a \u00e9t\u00e9 enregistr\u00e9e avec succ\u00e8s ! &laquo; Votre adresse de messagerie est uniquement utilis\u00e9e pour vous envoyer notre lettre d&rsquo;information ainsi que des informations concernant nos activit\u00e9s. Vous pouvez \u00e0 tout moment utiliser le lien de d\u00e9sabonnement int\u00e9gr\u00e9 dans chacun de nos mails.","og_url":"https:\/\/saintvincent2024.fr\/en\/inscription-newsletter\/","og_site_name":"Saint-Vincent Tournante 2024","article_modified_time":"2023-04-05T11:09:48+00:00","twitter_card":"summary_large_image","schema":{"@context":"https:\/\/schema.org","@graph":[{"@type":"WebPage","@id":"https:\/\/saintvincent2024.fr\/inscription-newsletter\/","url":"https:\/\/saintvincent2024.fr\/inscription-newsletter\/","name":"Inscription NewsLetter - Saint-Vincent Tournante 2024","isPartOf":{"@id":"https:\/\/saintvincent2024.fr\/#website"},"datePublished":"2023-04-05T08:53:14+00:00","dateModified":"2023-04-05T11:09:48+00:00","breadcrumb":{"@id":"https:\/\/saintvincent2024.fr\/inscription-newsletter\/#breadcrumb"},"inLanguage":"en-GB","potentialAction":[{"@type":"ReadAction","target":["https:\/\/saintvincent2024.fr\/inscription-newsletter\/"]}]},{"@type":"BreadcrumbList","@id":"https:\/\/saintvincent2024.fr\/inscription-newsletter\/#breadcrumb","itemListElement":[{"@type":"ListItem","position":1,"name":"Accueil","item":"https:\/\/saintvincent2024.fr\/"},{"@type":"ListItem","position":2,"name":"Inscription NewsLetter"}]},{"@type":"WebSite","@id":"https:\/\/saintvincent2024.fr\/#website","url":"https:\/\/saintvincent2024.fr\/","name":"Saint-Vincent Tournante 2024","description":"Morey-Saint-Denis Chambolle-Musigny","publisher":{"@id":"https:\/\/saintvincent2024.fr\/#organization"},"potentialAction":[{"@type":"SearchAction","target":{"@type":"EntryPoint","urlTemplate":"https:\/\/saintvincent2024.fr\/?s={search_term_string}"},"query-input":{"@type":"PropertyValueSpecification","valueRequired":true,"valueName":"search_term_string"}}],"inLanguage":"en-GB"},{"@type":"Organization","@id":"https:\/\/saintvincent2024.fr\/#organization","name":"Saint-Vincent Tournante 2024","url":"https:\/\/saintvincent2024.fr\/","logo":{"@type":"ImageObject","inLanguage":"en-GB","@id":"https:\/\/saintvincent2024.fr\/#\/schema\/logo\/image\/","url":"https:\/\/saintvincent2024.fr\/wp-content\/uploads\/2023\/04\/cropped-LOGO-SIGNATURE-MAIL-light-.png","contentUrl":"https:\/\/saintvincent2024.fr\/wp-content\/uploads\/2023\/04\/cropped-LOGO-SIGNATURE-MAIL-light-.png","width":1374,"height":378,"caption":"Saint-Vincent Tournante 2024"},"image":{"@id":"https:\/\/saintvincent2024.fr\/#\/schema\/logo\/image\/"}}]}},"rttpg_featured_image_url":null,"rttpg_author":{"display_name":"admin svtmc","author_link":"https:\/\/saintvincent2024.fr\/en\/author\/adminsvtmc\/"},"rttpg_comment":0,"rttpg_category":null,"rttpg_excerpt":"Newsletter Inscription \u00e0 la Newsletter de la Saint-Vincent 2024 Votre inscription a \u00e9t\u00e9 enregistr\u00e9e avec succ\u00e8s ! &laquo; Votre adresse de messagerie est uniquement utilis\u00e9e pour vous envoyer notre lettre d&rsquo;information ainsi que des informations concernant nos activit\u00e9s. Vous pouvez \u00e0 tout moment utiliser le lien de d\u00e9sabonnement int\u00e9gr\u00e9 dans chacun de nos mails.","_links":{"self":[{"href":"https:\/\/saintvincent2024.fr\/en\/wp-json\/wp\/v2\/pages\/2205","targetHints":{"allow":["GET"]}}],"collection":[{"href":"https:\/\/saintvincent2024.fr\/en\/wp-json\/wp\/v2\/pages"}],"about":[{"href":"https:\/\/saintvincent2024.fr\/en\/wp-json\/wp\/v2\/types\/page"}],"author":[{"embeddable":true,"href":"https:\/\/saintvincent2024.fr\/en\/wp-json\/wp\/v2\/users\/2"}],"replies":[{"embeddable":true,"href":"https:\/\/saintvincent2024.fr\/en\/wp-json\/wp\/v2\/comments?post=2205"}],"version-history":[{"count":10,"href":"https:\/\/saintvincent2024.fr\/en\/wp-json\/wp\/v2\/pages\/2205\/revisions"}],"predecessor-version":[{"id":2220,"href":"https:\/\/saintvincent2024.fr\/en\/wp-json\/wp\/v2\/pages\/2205\/revisions\/2220"}],"wp:attachment":[{"href":"https:\/\/saintvincent2024.fr\/en\/wp-json\/wp\/v2\/media?parent=2205"}],"curies":[{"name":"wp","href":"https:\/\/api.w.org\/{rel}","templated":true}]}}