{"id":2110,"date":"2023-04-04T16:37:51","date_gmt":"2023-04-04T14:37:51","guid":{"rendered":"https:\/\/saintvincent2024.fr\/?page_id=2110"},"modified":"2023-12-09T19:07:22","modified_gmt":"2023-12-09T18:07:22","slug":"liens-utiles","status":"publish","type":"page","link":"https:\/\/saintvincent2024.fr\/en\/liens-utiles\/","title":{"rendered":"Useful links"},"content":{"rendered":"<div data-elementor-type=\"wp-page\" data-elementor-id=\"2110\" class=\"elementor elementor-2110\">\n\t\t\t\t\t\t<section class=\"elementor-section elementor-top-section elementor-element elementor-element-76e42f4b elementor-section-height-min-height elementor-section-content-middle elementor-section-boxed elementor-section-height-default elementor-section-items-middle wpr-particle-no wpr-jarallax-no wpr-parallax-no wpr-sticky-section-no wpr-equal-height-no\" data-id=\"76e42f4b\" data-element_type=\"section\" data-e-type=\"section\" data-settings=\"{&quot;background_background&quot;:&quot;slideshow&quot;,&quot;background_slideshow_gallery&quot;:[],&quot;background_slideshow_loop&quot;:&quot;yes&quot;,&quot;background_slideshow_slide_duration&quot;:5000,&quot;background_slideshow_slide_transition&quot;:&quot;fade&quot;,&quot;background_slideshow_transition_duration&quot;:500}\">\n\t\t\t\t\t\t\t<div class=\"elementor-background-overlay\"><\/div>\n\t\t\t\t\t\t\t<div class=\"elementor-container elementor-column-gap-default\">\n\t\t\t\t\t<div class=\"elementor-column elementor-col-100 elementor-top-column elementor-element elementor-element-54d68683\" data-id=\"54d68683\" data-element_type=\"column\" data-e-type=\"column\" data-settings=\"{&quot;background_background&quot;:&quot;classic&quot;}\">\n\t\t\t<div class=\"elementor-widget-wrap elementor-element-populated\">\n\t\t\t\t\t<div class=\"elementor-background-overlay\"><\/div>\n\t\t\t\t\t\t<div class=\"elementor-element elementor-element-51eb07e8 elementor-widget elementor-widget-heading\" data-id=\"51eb07e8\" data-element_type=\"widget\" data-e-type=\"widget\" data-widget_type=\"heading.default\">\n\t\t\t\t<div class=\"elementor-widget-container\">\n\t\t\t\t\t<h2 class=\"elementor-heading-title elementor-size-default\">Useful links<\/h2>\t\t\t\t<\/div>\n\t\t\t\t<\/div>\n\t\t\t\t\t<\/div>\n\t\t<\/div>\n\t\t\t\t\t<\/div>\n\t\t<\/section>\n\t\t\t\t<section class=\"elementor-section elementor-top-section elementor-element elementor-element-4e74e7e elementor-section-boxed elementor-section-height-default elementor-section-height-default wpr-particle-no wpr-jarallax-no wpr-parallax-no wpr-sticky-section-no wpr-equal-height-no\" data-id=\"4e74e7e\" data-element_type=\"section\" data-e-type=\"section\">\n\t\t\t\t\t\t<div class=\"elementor-container elementor-column-gap-wide\">\n\t\t\t\t\t<div class=\"elementor-column elementor-col-100 elementor-top-column elementor-element elementor-element-aefc9d3\" data-id=\"aefc9d3\" data-element_type=\"column\" data-e-type=\"column\">\n\t\t\t<div class=\"elementor-widget-wrap elementor-element-populated\">\n\t\t\t\t\t\t<div class=\"elementor-element elementor-element-b3b989e elementor-widget-divider--view-line elementor-widget elementor-widget-divider\" data-id=\"b3b989e\" data-element_type=\"widget\" data-e-type=\"widget\" data-widget_type=\"divider.default\">\n\t\t\t\t<div class=\"elementor-widget-container\">\n\t\t\t\t\t\t\t<div class=\"elementor-divider\">\n\t\t\t<span class=\"elementor-divider-separator\">\n\t\t\t\t\t\t<\/span>\n\t\t<\/div>\n\t\t\t\t\t\t<\/div>\n\t\t\t\t<\/div>\n\t\t\t\t<div class=\"elementor-element elementor-element-a73229f elementor-widget elementor-widget-text-editor\" data-id=\"a73229f\" data-element_type=\"widget\" data-e-type=\"widget\" data-widget_type=\"text-editor.default\">\n\t\t\t\t<div class=\"elementor-widget-container\">\n\t\t\t\t\t\t\t\t\t<h3>Vous trouverez ici quelques les liens utiles sur des sites qui pourraient \u00e9galement vous int\u00e9resser et vous fournir une information compl\u00e9mentaire.<\/h3>\t\t\t\t\t\t\t\t<\/div>\n\t\t\t\t<\/div>\n\t\t\t\t\t<\/div>\n\t\t<\/div>\n\t\t\t\t\t<\/div>\n\t\t<\/section>\n\t\t\t\t<section class=\"elementor-section elementor-top-section elementor-element elementor-element-7bdba12 elementor-section-boxed elementor-section-height-default elementor-section-height-default wpr-particle-no wpr-jarallax-no wpr-parallax-no wpr-sticky-section-no wpr-equal-height-no\" data-id=\"7bdba12\" data-element_type=\"section\" data-e-type=\"section\">\n\t\t\t\t\t\t<div class=\"elementor-container elementor-column-gap-default\">\n\t\t\t\t\t<div class=\"elementor-column elementor-col-100 elementor-top-column elementor-element elementor-element-72b0758\" data-id=\"72b0758\" data-element_type=\"column\" data-e-type=\"column\">\n\t\t\t<div class=\"elementor-widget-wrap elementor-element-populated\">\n\t\t\t\t\t\t<div class=\"elementor-element elementor-element-136da85 elementor-widget elementor-widget-text-editor\" data-id=\"136da85\" data-element_type=\"widget\" data-e-type=\"widget\" data-widget_type=\"text-editor.default\">\n\t\t\t\t<div class=\"elementor-widget-container\">\n\t\t\t\t\t\t\t\t\t<p>La Commune de Chambolle-Musigny : <a href=\"https:\/\/chambollemusigny.fr\/\">https:\/\/chambollemusigny.fr\/<\/a><br \/>La Commune de Morey-Saint-Denis\u00a0: <a href=\"https:\/\/lapagelocale.fr\/21220-morey-saint-denis\">https:\/\/lapagelocale.fr\/21220-morey-saint-denis<\/a><br \/>La Confr\u00e9rie des Chevaliers du Tastevin\u00a0: <a href=\"https:\/\/www.tastevin-bourgogne.com\/\">https:\/\/www.tastevin-bourgogne.com\/<\/a><br \/>Le Bureau Interprofessionnel des Vins de Bourgogne (BIVB)\u00a0: <a href=\"https:\/\/www.vins-bourgogne.fr\/\">https:\/\/www.vins-bourgogne.fr\/<\/a><br \/>L\u2019Association des Climats de Bourgogne\u00a0: <a href=\"https:\/\/www.climats-bourgogne.com\/\">https:\/\/www.climats-bourgogne.com\/<\/a><br \/>Office de Tourisme du Pays de Nuits-Saint-Georges : :\u00a0<a href=\"https:\/\/www.gevreynuitstourisme.com\/\">https:\/\/www.gevreynuitstourisme.com\/<\/a><br \/>Le Bien Public\u00a0: <a href=\"https:\/\/www.bienpublic.com\/\">https:\/\/www.bienpublic.com\/<\/a><\/p>\t\t\t\t\t\t\t\t<\/div>\n\t\t\t\t<\/div>\n\t\t\t\t\t<\/div>\n\t\t<\/div>\n\t\t\t\t\t<\/div>\n\t\t<\/section>\n\t\t\t\t<\/div>","protected":false},"excerpt":{"rendered":"<p>Liens utiles Vous trouverez ici quelques les liens utiles sur des sites qui pourraient \u00e9galement vous int\u00e9resser et vous fournir une information compl\u00e9mentaire. La Commune de Chambolle-Musigny : https:\/\/chambollemusigny.fr\/La Commune de Morey-Saint-Denis\u00a0: https:\/\/lapagelocale.fr\/21220-morey-saint-denisLa Confr\u00e9rie des Chevaliers du Tastevin\u00a0: https:\/\/www.tastevin-bourgogne.com\/Le Bureau Interprofessionnel des Vins de Bourgogne (BIVB)\u00a0: https:\/\/www.vins-bourgogne.fr\/L\u2019Association des Climats de Bourgogne\u00a0: https:\/\/www.climats-bourgogne.com\/Office de Tourisme du Pays de Nuits-Saint-Georges : :\u00a0https:\/\/www.gevreynuitstourisme.com\/Le Bien Public\u00a0: https:\/\/www.bienpublic.com\/<\/p>","protected":false},"author":2,"featured_media":0,"parent":0,"menu_order":0,"comment_status":"closed","ping_status":"closed","template":"","meta":{"ocean_post_layout":"","ocean_both_sidebars_style":"","ocean_both_sidebars_content_width":0,"ocean_both_sidebars_sidebars_width":0,"ocean_sidebar":"0","ocean_second_sidebar":"0","ocean_disable_margins":"enable","ocean_add_body_class":"","ocean_shortcode_before_top_bar":"","ocean_shortcode_after_top_bar":"","ocean_shortcode_before_header":"","ocean_shortcode_after_header":"","ocean_has_shortcode":"","ocean_shortcode_after_title":"","ocean_shortcode_before_footer_widgets":"","ocean_shortcode_after_footer_widgets":"","ocean_shortcode_before_footer_bottom":"","ocean_shortcode_after_footer_bottom":"","ocean_display_top_bar":"default","ocean_display_header":"default","ocean_header_style":"","ocean_center_header_left_menu":"0","ocean_custom_header_template":"0","ocean_custom_logo":0,"ocean_custom_retina_logo":0,"ocean_custom_logo_max_width":0,"ocean_custom_logo_tablet_max_width":0,"ocean_custom_logo_mobile_max_width":0,"ocean_custom_logo_max_height":0,"ocean_custom_logo_tablet_max_height":0,"ocean_custom_logo_mobile_max_height":0,"ocean_header_custom_menu":"0","ocean_menu_typo_font_family":"0","ocean_menu_typo_font_subset":"","ocean_menu_typo_font_size":0,"ocean_menu_typo_font_size_tablet":0,"ocean_menu_typo_font_size_mobile":0,"ocean_menu_typo_font_size_unit":"px","ocean_menu_typo_font_weight":"","ocean_menu_typo_font_weight_tablet":"","ocean_menu_typo_font_weight_mobile":"","ocean_menu_typo_transform":"","ocean_menu_typo_transform_tablet":"","ocean_menu_typo_transform_mobile":"","ocean_menu_typo_line_height":0,"ocean_menu_typo_line_height_tablet":0,"ocean_menu_typo_line_height_mobile":0,"ocean_menu_typo_line_height_unit":"","ocean_menu_typo_spacing":0,"ocean_menu_typo_spacing_tablet":0,"ocean_menu_typo_spacing_mobile":0,"ocean_menu_typo_spacing_unit":"","ocean_menu_link_color":"","ocean_menu_link_color_hover":"","ocean_menu_link_color_active":"","ocean_menu_link_background":"","ocean_menu_link_hover_background":"","ocean_menu_link_active_background":"","ocean_menu_social_links_bg":"","ocean_menu_social_hover_links_bg":"","ocean_menu_social_links_color":"","ocean_menu_social_hover_links_color":"","ocean_disable_title":"default","ocean_disable_heading":"default","ocean_post_title":"","ocean_post_subheading":"","ocean_post_title_style":"","ocean_post_title_background_color":"","ocean_post_title_background":0,"ocean_post_title_bg_image_position":"","ocean_post_title_bg_image_attachment":"","ocean_post_title_bg_image_repeat":"","ocean_post_title_bg_image_size":"","ocean_post_title_height":0,"ocean_post_title_bg_overlay":0.5,"ocean_post_title_bg_overlay_color":"","ocean_disable_breadcrumbs":"default","ocean_breadcrumbs_color":"","ocean_breadcrumbs_separator_color":"","ocean_breadcrumbs_links_color":"","ocean_breadcrumbs_links_hover_color":"","ocean_display_footer_widgets":"default","ocean_display_footer_bottom":"default","ocean_custom_footer_template":"0","footnotes":""},"class_list":["post-2110","page","type-page","status-publish","hentry","entry"],"featured_image_src":null,"yoast_head":"<!-- This site is optimized with the Yoast SEO plugin v27.5 - https:\/\/yoast.com\/product\/yoast-seo-wordpress\/ -->\n<title>Liens utiles - Saint-Vincent Tournante 2024<\/title>\n<meta name=\"robots\" content=\"index, follow, max-snippet:-1, max-image-preview:large, max-video-preview:-1\" \/>\n<link rel=\"canonical\" href=\"https:\/\/saintvincent2024.fr\/en\/liens-utiles\/\" \/>\n<meta property=\"og:locale\" content=\"en_GB\" \/>\n<meta property=\"og:type\" content=\"article\" \/>\n<meta property=\"og:title\" content=\"Liens utiles - Saint-Vincent Tournante 2024\" \/>\n<meta property=\"og:description\" content=\"Liens utiles Vous trouverez ici quelques les liens utiles sur des sites qui pourraient \u00e9galement vous int\u00e9resser et vous fournir une information compl\u00e9mentaire. La Commune de Chambolle-Musigny : https:\/\/chambollemusigny.fr\/La Commune de Morey-Saint-Denis\u00a0: https:\/\/lapagelocale.fr\/21220-morey-saint-denisLa Confr\u00e9rie des Chevaliers du Tastevin\u00a0: https:\/\/www.tastevin-bourgogne.com\/Le Bureau Interprofessionnel des Vins de Bourgogne (BIVB)\u00a0: https:\/\/www.vins-bourgogne.fr\/L\u2019Association des Climats de Bourgogne\u00a0: https:\/\/www.climats-bourgogne.com\/Office de Tourisme du Pays de Nuits-Saint-Georges : :\u00a0https:\/\/www.gevreynuitstourisme.com\/Le Bien Public\u00a0: https:\/\/www.bienpublic.com\/\" \/>\n<meta property=\"og:url\" content=\"https:\/\/saintvincent2024.fr\/en\/liens-utiles\/\" \/>\n<meta property=\"og:site_name\" content=\"Saint-Vincent Tournante 2024\" \/>\n<meta property=\"article:modified_time\" content=\"2023-12-09T18:07:22+00:00\" \/>\n<meta name=\"twitter:card\" content=\"summary_large_image\" \/>\n<meta name=\"twitter:label1\" content=\"Estimated reading time\" \/>\n\t<meta name=\"twitter:data1\" content=\"1 minute\" \/>\n<script type=\"application\/ld+json\" class=\"yoast-schema-graph\">{\"@context\":\"https:\\\/\\\/schema.org\",\"@graph\":[{\"@type\":\"WebPage\",\"@id\":\"https:\\\/\\\/saintvincent2024.fr\\\/liens-utiles\\\/\",\"url\":\"https:\\\/\\\/saintvincent2024.fr\\\/liens-utiles\\\/\",\"name\":\"Liens utiles - Saint-Vincent Tournante 2024\",\"isPartOf\":{\"@id\":\"https:\\\/\\\/saintvincent2024.fr\\\/#website\"},\"datePublished\":\"2023-04-04T14:37:51+00:00\",\"dateModified\":\"2023-12-09T18:07:22+00:00\",\"breadcrumb\":{\"@id\":\"https:\\\/\\\/saintvincent2024.fr\\\/liens-utiles\\\/#breadcrumb\"},\"inLanguage\":\"en-GB\",\"potentialAction\":[{\"@type\":\"ReadAction\",\"target\":[\"https:\\\/\\\/saintvincent2024.fr\\\/liens-utiles\\\/\"]}]},{\"@type\":\"BreadcrumbList\",\"@id\":\"https:\\\/\\\/saintvincent2024.fr\\\/liens-utiles\\\/#breadcrumb\",\"itemListElement\":[{\"@type\":\"ListItem\",\"position\":1,\"name\":\"Accueil\",\"item\":\"https:\\\/\\\/saintvincent2024.fr\\\/\"},{\"@type\":\"ListItem\",\"position\":2,\"name\":\"Liens utiles\"}]},{\"@type\":\"WebSite\",\"@id\":\"https:\\\/\\\/saintvincent2024.fr\\\/#website\",\"url\":\"https:\\\/\\\/saintvincent2024.fr\\\/\",\"name\":\"Saint-Vincent Tournante 2024\",\"description\":\"Morey-Saint-Denis Chambolle-Musigny\",\"publisher\":{\"@id\":\"https:\\\/\\\/saintvincent2024.fr\\\/#organization\"},\"potentialAction\":[{\"@type\":\"SearchAction\",\"target\":{\"@type\":\"EntryPoint\",\"urlTemplate\":\"https:\\\/\\\/saintvincent2024.fr\\\/?s={search_term_string}\"},\"query-input\":{\"@type\":\"PropertyValueSpecification\",\"valueRequired\":true,\"valueName\":\"search_term_string\"}}],\"inLanguage\":\"en-GB\"},{\"@type\":\"Organization\",\"@id\":\"https:\\\/\\\/saintvincent2024.fr\\\/#organization\",\"name\":\"Saint-Vincent Tournante 2024\",\"url\":\"https:\\\/\\\/saintvincent2024.fr\\\/\",\"logo\":{\"@type\":\"ImageObject\",\"inLanguage\":\"en-GB\",\"@id\":\"https:\\\/\\\/saintvincent2024.fr\\\/#\\\/schema\\\/logo\\\/image\\\/\",\"url\":\"https:\\\/\\\/saintvincent2024.fr\\\/wp-content\\\/uploads\\\/2023\\\/04\\\/cropped-LOGO-SIGNATURE-MAIL-light-.png\",\"contentUrl\":\"https:\\\/\\\/saintvincent2024.fr\\\/wp-content\\\/uploads\\\/2023\\\/04\\\/cropped-LOGO-SIGNATURE-MAIL-light-.png\",\"width\":1374,\"height\":378,\"caption\":\"Saint-Vincent Tournante 2024\"},\"image\":{\"@id\":\"https:\\\/\\\/saintvincent2024.fr\\\/#\\\/schema\\\/logo\\\/image\\\/\"}}]}<\/script>\n<!-- \/ Yoast SEO plugin. -->","yoast_head_json":{"title":"Liens utiles - Saint-Vincent Tournante 2024","robots":{"index":"index","follow":"follow","max-snippet":"max-snippet:-1","max-image-preview":"max-image-preview:large","max-video-preview":"max-video-preview:-1"},"canonical":"https:\/\/saintvincent2024.fr\/en\/liens-utiles\/","og_locale":"en_GB","og_type":"article","og_title":"Liens utiles - Saint-Vincent Tournante 2024","og_description":"Liens utiles Vous trouverez ici quelques les liens utiles sur des sites qui pourraient \u00e9galement vous int\u00e9resser et vous fournir une information compl\u00e9mentaire. La Commune de Chambolle-Musigny : https:\/\/chambollemusigny.fr\/La Commune de Morey-Saint-Denis\u00a0: https:\/\/lapagelocale.fr\/21220-morey-saint-denisLa Confr\u00e9rie des Chevaliers du Tastevin\u00a0: https:\/\/www.tastevin-bourgogne.com\/Le Bureau Interprofessionnel des Vins de Bourgogne (BIVB)\u00a0: https:\/\/www.vins-bourgogne.fr\/L\u2019Association des Climats de Bourgogne\u00a0: https:\/\/www.climats-bourgogne.com\/Office de Tourisme du Pays de Nuits-Saint-Georges : :\u00a0https:\/\/www.gevreynuitstourisme.com\/Le Bien Public\u00a0: https:\/\/www.bienpublic.com\/","og_url":"https:\/\/saintvincent2024.fr\/en\/liens-utiles\/","og_site_name":"Saint-Vincent Tournante 2024","article_modified_time":"2023-12-09T18:07:22+00:00","twitter_card":"summary_large_image","twitter_misc":{"Estimated reading time":"1 minute"},"schema":{"@context":"https:\/\/schema.org","@graph":[{"@type":"WebPage","@id":"https:\/\/saintvincent2024.fr\/liens-utiles\/","url":"https:\/\/saintvincent2024.fr\/liens-utiles\/","name":"Liens utiles - Saint-Vincent Tournante 2024","isPartOf":{"@id":"https:\/\/saintvincent2024.fr\/#website"},"datePublished":"2023-04-04T14:37:51+00:00","dateModified":"2023-12-09T18:07:22+00:00","breadcrumb":{"@id":"https:\/\/saintvincent2024.fr\/liens-utiles\/#breadcrumb"},"inLanguage":"en-GB","potentialAction":[{"@type":"ReadAction","target":["https:\/\/saintvincent2024.fr\/liens-utiles\/"]}]},{"@type":"BreadcrumbList","@id":"https:\/\/saintvincent2024.fr\/liens-utiles\/#breadcrumb","itemListElement":[{"@type":"ListItem","position":1,"name":"Accueil","item":"https:\/\/saintvincent2024.fr\/"},{"@type":"ListItem","position":2,"name":"Liens utiles"}]},{"@type":"WebSite","@id":"https:\/\/saintvincent2024.fr\/#website","url":"https:\/\/saintvincent2024.fr\/","name":"Saint-Vincent Tournante 2024","description":"Morey-Saint-Denis Chambolle-Musigny","publisher":{"@id":"https:\/\/saintvincent2024.fr\/#organization"},"potentialAction":[{"@type":"SearchAction","target":{"@type":"EntryPoint","urlTemplate":"https:\/\/saintvincent2024.fr\/?s={search_term_string}"},"query-input":{"@type":"PropertyValueSpecification","valueRequired":true,"valueName":"search_term_string"}}],"inLanguage":"en-GB"},{"@type":"Organization","@id":"https:\/\/saintvincent2024.fr\/#organization","name":"Saint-Vincent Tournante 2024","url":"https:\/\/saintvincent2024.fr\/","logo":{"@type":"ImageObject","inLanguage":"en-GB","@id":"https:\/\/saintvincent2024.fr\/#\/schema\/logo\/image\/","url":"https:\/\/saintvincent2024.fr\/wp-content\/uploads\/2023\/04\/cropped-LOGO-SIGNATURE-MAIL-light-.png","contentUrl":"https:\/\/saintvincent2024.fr\/wp-content\/uploads\/2023\/04\/cropped-LOGO-SIGNATURE-MAIL-light-.png","width":1374,"height":378,"caption":"Saint-Vincent Tournante 2024"},"image":{"@id":"https:\/\/saintvincent2024.fr\/#\/schema\/logo\/image\/"}}]}},"rttpg_featured_image_url":null,"rttpg_author":{"display_name":"admin svtmc","author_link":"https:\/\/saintvincent2024.fr\/en\/author\/adminsvtmc\/"},"rttpg_comment":0,"rttpg_category":null,"rttpg_excerpt":"Liens utiles Vous trouverez ici quelques les liens utiles sur des sites qui pourraient \u00e9galement vous int\u00e9resser et vous fournir une information compl\u00e9mentaire. La Commune de Chambolle-Musigny : https:\/\/chambollemusigny.fr\/La Commune de Morey-Saint-Denis\u00a0: https:\/\/lapagelocale.fr\/21220-morey-saint-denisLa Confr\u00e9rie des Chevaliers du Tastevin\u00a0: https:\/\/www.tastevin-bourgogne.com\/Le Bureau Interprofessionnel des Vins de Bourgogne (BIVB)\u00a0: https:\/\/www.vins-bourgogne.fr\/L\u2019Association des Climats de Bourgogne\u00a0: https:\/\/www.climats-bourgogne.com\/Office de Tourisme du&hellip;","_links":{"self":[{"href":"https:\/\/saintvincent2024.fr\/en\/wp-json\/wp\/v2\/pages\/2110","targetHints":{"allow":["GET"]}}],"collection":[{"href":"https:\/\/saintvincent2024.fr\/en\/wp-json\/wp\/v2\/pages"}],"about":[{"href":"https:\/\/saintvincent2024.fr\/en\/wp-json\/wp\/v2\/types\/page"}],"author":[{"embeddable":true,"href":"https:\/\/saintvincent2024.fr\/en\/wp-json\/wp\/v2\/users\/2"}],"replies":[{"embeddable":true,"href":"https:\/\/saintvincent2024.fr\/en\/wp-json\/wp\/v2\/comments?post=2110"}],"version-history":[{"count":13,"href":"https:\/\/saintvincent2024.fr\/en\/wp-json\/wp\/v2\/pages\/2110\/revisions"}],"predecessor-version":[{"id":9064,"href":"https:\/\/saintvincent2024.fr\/en\/wp-json\/wp\/v2\/pages\/2110\/revisions\/9064"}],"wp:attachment":[{"href":"https:\/\/saintvincent2024.fr\/en\/wp-json\/wp\/v2\/media?parent=2110"}],"curies":[{"name":"wp","href":"https:\/\/api.w.org\/{rel}","templated":true}]}}